{"id":23,"date":"2023-11-10T15:28:44","date_gmt":"2023-11-10T14:28:44","guid":{"rendered":"https:\/\/theakefalonia.com\/?page_id=23"},"modified":"2024-01-12T00:21:27","modified_gmt":"2024-01-11T23:21:27","slug":"kontakt","status":"publish","type":"page","link":"https:\/\/theakefalonia.com\/en\/kontakt\/","title":{"rendered":"Contact"},"content":{"rendered":"<p>Do you have a question? Would you like to make a reservation? Would you like to find out about the various options for getting to the island of Kefalonia? We are happy to help you:<\/p>\n\n\n\n<p>House Thea, Sarlata, 28100 Kefalonia, Greece<\/p>\n\n\n\n<p>eMail: <a href=\"mailto:info@theakefalonia.com\">info@theakefalonia.com<\/a><\/p>\n\n\n\n<p>Whatsapp: <a href=\"https:\/\/wa.me\/41766720101\">https:\/\/wa.me\/41766720101<\/a><\/p>","protected":false},"excerpt":{"rendered":"<p>Haben Sie eine Frage? M\u00f6chten Sie eine Reservation \u00fcbermitteln? M\u00f6chten Sie sich \u00fcber die verschiedenen M\u00f6glichkeiten informieren, wie man auf die Insel Kefalonia gelangt? Wir sind gerne f\u00fcr Sie da: Haus Thea, Sarlata, 28100 Kefalonia, Griechenland eMail: info@theakefalonia.com Whatsapp: https:\/\/wa.me\/41766720101<\/p>","protected":false},"author":1,"featured_media":0,"parent":0,"menu_order":0,"comment_status":"closed","ping_status":"closed","template":"","meta":{"ngg_post_thumbnail":0,"footnotes":""},"class_list":["post-23","page","type-page","status-publish","hentry"],"_links":{"self":[{"href":"https:\/\/theakefalonia.com\/en\/wp-json\/wp\/v2\/pages\/23","targetHints":{"allow":["GET"]}}],"collection":[{"href":"https:\/\/theakefalonia.com\/en\/wp-json\/wp\/v2\/pages"}],"about":[{"href":"https:\/\/theakefalonia.com\/en\/wp-json\/wp\/v2\/types\/page"}],"author":[{"embeddable":true,"href":"https:\/\/theakefalonia.com\/en\/wp-json\/wp\/v2\/users\/1"}],"replies":[{"embeddable":true,"href":"https:\/\/theakefalonia.com\/en\/wp-json\/wp\/v2\/comments?post=23"}],"version-history":[{"count":3,"href":"https:\/\/theakefalonia.com\/en\/wp-json\/wp\/v2\/pages\/23\/revisions"}],"predecessor-version":[{"id":122,"href":"https:\/\/theakefalonia.com\/en\/wp-json\/wp\/v2\/pages\/23\/revisions\/122"}],"wp:attachment":[{"href":"https:\/\/theakefalonia.com\/en\/wp-json\/wp\/v2\/media?parent=23"}],"curies":[{"name":"wp","href":"https:\/\/api.w.org\/{rel}","templated":true}]}}